{"id":54,"date":"2023-06-04T18:46:31","date_gmt":"2023-06-04T16:46:31","guid":{"rendered":"https:\/\/fungamers.at\/wordpress\/?page_id=54"},"modified":"2023-06-09T21:12:22","modified_gmt":"2023-06-09T19:12:22","slug":"die-geschichte","status":"publish","type":"page","link":"https:\/\/fungamers.at\/wordpress\/?page_id=54","title":{"rendered":"Die absolut (wahre) Geschichte der Fungamers"},"content":{"rendered":"\n<p>Die Fungamers Spielgemeinschaft schaut auf eine lange historische Vergangenheit zur\u00fcck.<\/p>\n\n\n\n<p>Als \u00d6sterreich noch flach war, begab es sich, dass sich zwei gro\u00dfe Pioniere des Unsinns trafen. Diese Pioniere Ikaron und Kater-Billa sahen sich in der Pflicht, der aufkeimenden Bedrohung durch die Legionen des E-Sports einen entschiedenen Gegenpol, als Zeichen des Widerstands zu setzen. Jahrtausende des Kampfes waren n\u00f6tig, bis sie einen Gleichgesinnten trafen. Mit der Aufnahme des wei\u00dfen Biermagiers (N)Urgonzos konnte eine Kolonie im Saarland errichtet werden und endlich keimte der Samen des Widerstands auf. <\/p>\n\n\n\n<p>Es dauerte nicht lang bis das Reich der Fungamers sich von Budapest bis nach Luxemburg erstreckte und eine bl\u00fchende Heimat f\u00fcr all die errichtet wurde, die Spa\u00df haben wollen und Videospiele nicht ganz so Bier-ernst nehmen, sondern nur Bier dabei trinken.<\/p>\n\n\n\n<p>Heute tragen die Nachfahren dieser mythischen Ahnen die Fackel des Spa\u00dfes weiter in das 21. Jahrhundert. Egal ob es sportliche Spiele sind wie Dota oder Counter Strike oder ob es alte Schinken sind wie Ravenschield, Cossaks und Anno.<br>Die Fackel des Spa\u00dfes und des Unsinns werden mit Stolz weiter getragen. Es interessiert niemanden, wie viele Frags in Quake oder wie viele Kills in Battlefield erzielt wurden, sondern wie viel Tr\u00e4nen gelacht wurden. <br>Wenn du auch ein Mensch bist dem Statistiken egal sind und dem der Spa\u00df im Vordergrund steht, dann sei willkommen, lasset uns gemeinsam ein frohes lachen aus dem Bauch heraus beschw\u00f6ren.<\/p>\n\n\n\n<p><br>Das sind wir. Die Fungamers AT. Die Spielgemeinschaft, die den Spa\u00df am Leben sucht &#8230;&#8230;.. und einen Sponsor, vorzugsweise eine Brauerei.<\/p>\n\n\n\n<div class=\"wp-block-stackable-heading stk-block-heading stk-block-heading--v2 stk-block stk-8c50151\" id=\"prost-mahlzeit\" data-block-id=\"8c50151\"><style>.stk-8c50151{margin-bottom:0px !important}<\/style><h4 class=\"stk-block-heading__text\">Prost Mahlzeit !!<\/h4><\/div>\n\n\n\n<p><\/p>\n","protected":false},"excerpt":{"rendered":"<p>Die Fungamers Spielgemeinschaft schaut auf eine lange historische Vergangenheit zur\u00fcck. Als \u00d6sterreich noch flach war, begab es sich, dass sich zwei gro\u00dfe Pioniere des Unsinns trafen. Diese Pioniere Ikaron und Kater-Billa sahen sich in der Pflicht, der aufkeimenden Bedrohung durch die Legionen des E-Sports einen entschiedenen Gegenpol, als Zeichen des Widerstands zu setzen. Jahrtausende des [&hellip;]<\/p>\n","protected":false},"author":1,"featured_media":0,"parent":0,"menu_order":0,"comment_status":"closed","ping_status":"closed","template":"","meta":{"_bbp_topic_count":0,"_bbp_reply_count":0,"_bbp_total_topic_count":0,"_bbp_total_reply_count":0,"_bbp_voice_count":0,"_bbp_anonymous_reply_count":0,"_bbp_topic_count_hidden":0,"_bbp_reply_count_hidden":0,"_bbp_forum_subforum_count":0,"footnotes":""},"class_list":["post-54","page","type-page","status-publish","hentry"],"blocksy_meta":[],"_links":{"self":[{"href":"https:\/\/fungamers.at\/wordpress\/index.php?rest_route=\/wp\/v2\/pages\/54","targetHints":{"allow":["GET"]}}],"collection":[{"href":"https:\/\/fungamers.at\/wordpress\/index.php?rest_route=\/wp\/v2\/pages"}],"about":[{"href":"https:\/\/fungamers.at\/wordpress\/index.php?rest_route=\/wp\/v2\/types\/page"}],"author":[{"embeddable":true,"href":"https:\/\/fungamers.at\/wordpress\/index.php?rest_route=\/wp\/v2\/users\/1"}],"replies":[{"embeddable":true,"href":"https:\/\/fungamers.at\/wordpress\/index.php?rest_route=%2Fwp%2Fv2%2Fcomments&post=54"}],"version-history":[{"count":11,"href":"https:\/\/fungamers.at\/wordpress\/index.php?rest_route=\/wp\/v2\/pages\/54\/revisions"}],"predecessor-version":[{"id":197,"href":"https:\/\/fungamers.at\/wordpress\/index.php?rest_route=\/wp\/v2\/pages\/54\/revisions\/197"}],"wp:attachment":[{"href":"https:\/\/fungamers.at\/wordpress\/index.php?rest_route=%2Fwp%2Fv2%2Fmedia&parent=54"}],"curies":[{"name":"wp","href":"https:\/\/api.w.org\/{rel}","templated":true}]}}